{"id":65,"date":"2025-02-13T13:41:33","date_gmt":"2025-02-13T13:41:33","guid":{"rendered":"https:\/\/msb.schliephake.net\/?page_id=65"},"modified":"2025-02-15T12:16:23","modified_gmt":"2025-02-15T12:16:23","slug":"erasmus","status":"publish","type":"page","link":"https:\/\/msb.schliephake.net\/?page_id=65","title":{"rendered":"Erasmus+"},"content":{"rendered":"\n<p>Was genau verbrigt sich hinter dem Programm Erasmus+ f\u00fcr Schulen?<\/p>\n\n\n\n<p><strong>Erasmus+ Schule: Eine Einf\u00fchrung<\/strong><\/p>\n\n\n\n<p>Erasmus+ ist das F\u00f6rderprogramm der Europ\u00e4ischen Union f\u00fcr Bildung, Jugend und Sport. Es zielt darauf ab, die Zusammenarbeit und den Austausch zwischen Bildungseinrichtungen innerhalb Europas zu st\u00e4rken. Ein wichtiger Bestandteil dieses Programms ist <a href=\"https:\/\/erasmusplus.schule\/\">Erasmus+ Schule<\/a>, das speziell auf die Bed\u00fcrfnisse von Schulen und Bildungseinrichtungen ausgerichtet ist.<\/p>\n\n\n\n<p><strong>Ziele und Vorteile<\/strong><\/p>\n\n\n\n<p>Das Programm bietet Schulen die M\u00f6glichkeit, internationale Projekte zu initiieren und durchzuf\u00fchren, die den interkulturellen Austausch f\u00f6rdern und die p\u00e4dagogische Praxis bereichern. Ziel ist es, die Qualit\u00e4t der schulischen Bildung zu verbessern und die europ\u00e4ische Dimension im Unterricht zu st\u00e4rken. Schulen k\u00f6nnen durch Erasmus+ internationale Partnerschaften aufbauen, Lehr- und Lernmethoden innovativ gestalten und die Mobilit\u00e4t von Sch\u00fclern und Lehrkr\u00e4ften f\u00f6rdern.<\/p>\n\n\n\n<p><strong>F\u00f6rderm\u00f6glichkeiten<\/strong><\/p>\n\n\n\n<p>Erasmus+ Schule bietet dabei verschiedene F\u00f6rderm\u00f6glichkeiten, z.B.:<\/p>\n\n\n\n<ul class=\"wp-block-list\">\n<li><strong>Schulpartnerschaften<\/strong>: Schulen k\u00f6nnen Partnerschaften mit anderen europ\u00e4ischen Schulen eingehen, um gemeinsame Projekte zu realisieren. Diese Partnerschaften erm\u00f6glichen es Sch\u00fclern und Lehrkr\u00e4ften, Erfahrungen auszutauschen und voneinander zu lernen.<br><\/li>\n\n\n\n<li><strong>Mobilit\u00e4tsprojekte<\/strong>: Lehrkr\u00e4fte k\u00f6nnen im Rahmen von Mobilit\u00e4tsprojekten an Fortbildungen, Hospitationen oder Lehraufenthalten im Ausland teilnehmen. Dies f\u00f6rdert den Austausch bew\u00e4hrter Praktiken und die pers\u00f6nliche Weiterentwicklung der Lehrkr\u00e4fte.<br>Sch\u00fclerInnen k\u00f6nnen sowohl an Schulen im europ\u00e4ischen Ausland am Unterricht teilnehmen, als auch Praktika im Ausland durchf\u00fchren, um ihre Sprachkenntnisse zu erweitern und wertvolle Erfahrungen f\u00fcr das Berufsleben zu sammeln.<\/li>\n<\/ul>\n\n\n\n<p><strong>Teilnahmebedingungen<\/strong><\/p>\n\n\n\n<p>Teilnahmeberechtigt sind alle \u00f6ffentlichen und privaten Schulen in den EU-Mitgliedstaaten sowie in einigen weiteren Partnerl\u00e4ndern. Die Antragsstellung erfolgt \u00fcber die Nationale Agentur des jeweiligen Landes. In Deutschland \u00fcbernimmt diese Aufgabe die <a href=\"https:\/\/www.kmk-pad.org\/\">Nationale Agentur beim P\u00e4dagogischen Austauschdienst (PAD<\/a>).<\/p>\n\n\n\n<p><strong>eTwinning<\/strong><\/p>\n\n\n\n<p><a href=\"https:\/\/erasmusplus.schule\/etwinning\">eTwinning <\/a>ist eine europ\u00e4ische Plattform, die Schulen die M\u00f6glichkeit bietet, digitale Partnerschaften zu initiieren und gemeinsam an Projekten zu arbeiten. Sie ist Teil des Erasmus+ Programms und f\u00f6rdert die Zusammenarbeit zwischen Schulen in Europa durch den Einsatz von Informations- und Kommunikationstechnologien. Die Plattform bietet eine sichere Online-Umgebung, in der Schulen Projekte planen, durchf\u00fchren und teilen k\u00f6nnen. Durch die Teilnahme an <a href=\"https:\/\/erasmusplus.schule\/etwinning\">eTwinning<\/a>-Projekten verbessern Sch\u00fclerInnen ihre digitalen Kompetenzen und st\u00e4rken gleichzeitig ihre interkulturelle Kompetenz. Digitale Projekte, die \u00fcber eTwinning koordiniert werden, k\u00f6nnen auch mit Austauschen und Mobilt\u00e4tsprogrammen verkn\u00fcpft werden.<\/p>\n\n\n\n<p><strong>Fazit<\/strong><\/p>\n\n\n\n<p><a href=\"https:\/\/erasmusplus.schule\/\">Erasmus+ Schule<\/a> ist ein wertvolles Instrument, um die Bildungslandschaft in Europa zu vernetzen und zu bereichern. Es bietet Schulen die M\u00f6glichkeit, \u00fcber den Tellerrand hinauszuschauen und von der Vielfalt und den Erfahrungen anderer europ\u00e4ischer Bildungseinrichtungen zu profitieren. Durch die Teilnahme an Erasmus+ k\u00f6nnen Schulen ihre p\u00e4dagogischen Ans\u00e4tze weiterentwickeln und ihren Sch\u00fclern wertvolle interkulturelle Erfahrungen erm\u00f6glichen.<\/p>\n\n\n\n<p>Quellen:<br><a href=\"https:\/\/erasmusplus.schule\/\">https:\/\/erasmusplus.schule\/<\/a><br><a href=\"https:\/\/erasmusplus.schule\/etwinning\">https:\/\/erasmusplus.schule\/etwinning<\/a><\/p>\n","protected":false},"excerpt":{"rendered":"<p>Was genau verbrigt sich hinter dem Programm Erasmus+ f\u00fcr Schulen? Erasmus+ Schule: Eine Einf\u00fchrung Erasmus+ ist das F\u00f6rderprogramm der Europ\u00e4ischen Union f\u00fcr Bildung, Jugend und Sport. Es zielt darauf ab, die Zusammenarbeit und den Austausch zwischen Bildungseinrichtungen innerhalb Europas zu st\u00e4rken. Ein wichtiger Bestandteil dieses Programms ist Erasmus+ Schule, das speziell auf die Bed\u00fcrfnisse von Schulen und Bildungseinrichtungen ausgerichtet ist. Ziele und Vorteile Das Programm bietet Schulen die M\u00f6glichkeit, internationale Projekte zu initiieren und durchzuf\u00fchren, die den interkulturellen Austausch f\u00f6rdern und die p\u00e4dagogische Praxis bereichern. Ziel ist es, die Qualit\u00e4t der schulischen Bildung zu verbessern und die europ\u00e4ische Dimension im Unterricht zu st\u00e4rken. Schulen k\u00f6nnen durch Erasmus+ internationale Partnerschaften aufbauen, Lehr- und Lernmethoden innovativ gestalten und die Mobilit\u00e4t von Sch\u00fclern und Lehrkr\u00e4ften f\u00f6rdern. F\u00f6rderm\u00f6glichkeiten Erasmus+ Schule bietet dabei verschiedene F\u00f6rderm\u00f6glichkeiten, z.B.: Teilnahmebedingungen Teilnahmeberechtigt sind alle \u00f6ffentlichen und privaten Schulen in den EU-Mitgliedstaaten sowie in einigen weiteren Partnerl\u00e4ndern. Die Antragsstellung erfolgt \u00fcber die Nationale Agentur des jeweiligen Landes. In Deutschland \u00fcbernimmt diese Aufgabe die Nationale Agentur beim P\u00e4dagogischen Austauschdienst (PAD). eTwinning eTwinning ist eine europ\u00e4ische Plattform, die Schulen die M\u00f6glichkeit bietet, digitale Partnerschaften zu initiieren und gemeinsam an Projekten zu arbeiten. Sie ist Teil des Erasmus+ Programms und f\u00f6rdert die Zusammenarbeit zwischen Schulen in Europa durch den Einsatz von Informations- und Kommunikationstechnologien. Die Plattform bietet eine sichere Online-Umgebung, in der Schulen Projekte planen, durchf\u00fchren und teilen k\u00f6nnen. Durch die Teilnahme an eTwinning-Projekten verbessern Sch\u00fclerInnen ihre digitalen Kompetenzen und st\u00e4rken gleichzeitig ihre interkulturelle Kompetenz. Digitale Projekte, die \u00fcber eTwinning koordiniert werden, k\u00f6nnen auch mit Austauschen und Mobilt\u00e4tsprogrammen verkn\u00fcpft werden. Fazit Erasmus+ Schule ist ein wertvolles Instrument, um die Bildungslandschaft in Europa zu vernetzen und zu bereichern. Es bietet Schulen die M\u00f6glichkeit, \u00fcber den Tellerrand hinauszuschauen und von der Vielfalt und den Erfahrungen anderer europ\u00e4ischer Bildungseinrichtungen zu profitieren. Durch die Teilnahme an Erasmus+ k\u00f6nnen Schulen ihre p\u00e4dagogischen Ans\u00e4tze weiterentwickeln und ihren Sch\u00fclern wertvolle interkulturelle Erfahrungen erm\u00f6glichen. Quellen:https:\/\/erasmusplus.schule\/https:\/\/erasmusplus.schule\/etwinning<\/p>\n","protected":false},"author":4,"featured_media":207,"parent":0,"menu_order":0,"comment_status":"closed","ping_status":"closed","template":"","meta":{"footnotes":""},"class_list":["post-65","page","type-page","status-publish","has-post-thumbnail","hentry"],"_links":{"self":[{"href":"https:\/\/msb.schliephake.net\/index.php?rest_route=\/wp\/v2\/pages\/65","targetHints":{"allow":["GET"]}}],"collection":[{"href":"https:\/\/msb.schliephake.net\/index.php?rest_route=\/wp\/v2\/pages"}],"about":[{"href":"https:\/\/msb.schliephake.net\/index.php?rest_route=\/wp\/v2\/types\/page"}],"author":[{"embeddable":true,"href":"https:\/\/msb.schliephake.net\/index.php?rest_route=\/wp\/v2\/users\/4"}],"replies":[{"embeddable":true,"href":"https:\/\/msb.schliephake.net\/index.php?rest_route=%2Fwp%2Fv2%2Fcomments&post=65"}],"version-history":[{"count":3,"href":"https:\/\/msb.schliephake.net\/index.php?rest_route=\/wp\/v2\/pages\/65\/revisions"}],"predecessor-version":[{"id":107,"href":"https:\/\/msb.schliephake.net\/index.php?rest_route=\/wp\/v2\/pages\/65\/revisions\/107"}],"wp:featuredmedia":[{"embeddable":true,"href":"https:\/\/msb.schliephake.net\/index.php?rest_route=\/wp\/v2\/media\/207"}],"wp:attachment":[{"href":"https:\/\/msb.schliephake.net\/index.php?rest_route=%2Fwp%2Fv2%2Fmedia&parent=65"}],"curies":[{"name":"wp","href":"https:\/\/api.w.org\/{rel}","templated":true}]}}